{"id":81,"date":"2015-12-06T10:19:21","date_gmt":"2015-12-06T08:19:21","guid":{"rendered":"http:\/\/tgl-dev.dc.turkuamk.fi\/?page_id=81"},"modified":"2017-10-16T13:33:41","modified_gmt":"2017-10-16T10:33:41","slug":"studies","status":"publish","type":"page","link":"https:\/\/www.turkugamelab.fi\/?page_id=81","title":{"rendered":"Studies"},"content":{"rendered":"<h1>Studies<\/h1>\n<p><span style=\"font-size: medium;\">University of Turku and Turku University of Applied Sciences offer\u00a0studies\u00a0in game development. The students are working and collaborating with the lab staff on a variety of projects, which are carefully selected according to the student\u2019s individual interests and expertise. <\/span><\/p>\n<p><span style=\"font-size: medium;\"><strong>Courses and events<\/strong><\/span><\/p>\n<p><span style=\"font-size: medium;\">Our curriculum includes annual seminars and courses on game development. We also provide additional courses dedicated to specific topics from game programming, graphics and animation. Our events include guest lecturers from the Finnish gaming industry on topics of:<\/span><\/p>\n<p><span style=\"font-size: medium;\">&#8211; Game production<\/span><\/p>\n<p><span style=\"font-size: medium;\">&#8211; Interactive storytelling<\/span><\/p>\n<p><span style=\"font-size: medium;\">&#8211; Workshops on different topics<\/span><\/p>\n<p><span style=\"font-size: medium;\">&#8211; Game Jams<\/span><\/p>\n<p><span style=\"font-size: medium;\">Turku Game Lab and <strong>\u201cGame History Collection\u201d<\/strong> (with showcases of interesting devices and games from 1980\u2019s and 1990\u2019s) is located in ICT City (Joukahaisenkatu 3C, 20520 Turku).<\/span><\/p>\n<p><span style=\"font-size: medium;\"><strong>C3030<\/strong> \u2013 Open Game Development Environment and Demo Environment with the latest game platforms. This area functions as a meeting point for junior and senior developers to exchange ideas and collaborate in potential projects.<\/span><\/p>\n<p><span style=\"font-size: medium;\"><strong>C3031<\/strong> \u2013 Turku Game Lab classroom<\/span><\/p>\n<p><span style=\"font-size: medium;\"><strong>C3032<\/strong> \u2013 Turku Game Lab staff and research team where one can join as an intern in ongoing project or become a laboratory assistant.<\/span><\/p>\n<p>&nbsp;<\/p>\n<p><span style=\"font-size: medium;\"><strong>Courses<\/strong><\/span><\/p>\n<p><span style=\"font-size: medium;\"><u>University of Turku:<\/u><\/span><\/p>\n<p><span style=\"font-size: medium;\">Algorithms for Computer Games 5 ECTS<\/span><\/p>\n<p><span style=\"font-size: medium;\">Introduction to Game Development Tools 5 ECTS\u00a0<\/span><\/p>\n<p><span style=\"font-size: medium;\">Multiplayer Computer Games 5 ECTS\u00a0<\/span><\/p>\n<p><span style=\"font-size: medium;\">Project Course on Game Development 5 ECTS<\/span><\/p>\n<p><span style=\"font-size: medium;\">Pelinkehityksen vierailuluentosarja 3 ECTS\u00a0<\/span><\/p>\n<p><span style=\"font-size: medium;\">Interactive Storytelling\u00a0<\/span><\/p>\n<p>For more information contact Prof. Jouni Smed (jouni.smed@utu.fi)<\/p>\n<p>&nbsp;<\/p>\n<p><span style=\"font-size: medium;\"><u>Turku University of Applied Sciences:<\/u><\/span><\/p>\n<p>Turku University of Applied Sciences offers degree programs in which you have the opportunity to\u00a0study\u00a0game development.<\/p>\n<p>More information on <a href=\"http:\/\/turkuamk.fi\">turkuamk.fi<\/a>:<\/p>\n<p><a href=\"https:\/\/www.turkuamk.fi\/fi\/tutkinnot-ja-opiskelu\/tutkinnot\/Tietojaviestintatekniikka\/\">Insin\u00f6\u00f6ri (AMK), tieto- ja viestint\u00e4tekniikka <\/a><\/p>\n<p><a href=\"https:\/\/www.turkuamk.fi\/fi\/tutkinnot-ja-opiskelu\/tutkinnot\/it\/\">Bachelor of Engineering, Information and Communications Technology<\/a><\/p>\n<p>&nbsp;<\/p>\n<p><span style=\"font-size: medium;\"><u>If you are interested in internship or other opportunities contact directly:<\/u><\/span><\/p>\n<p>&nbsp;<\/p>\n<p><span style=\"font-size: medium;\"><strong>Taisto Suominen<\/strong><\/span><\/p>\n<p><span style=\"font-size: medium;\">Laboratory Engineer<\/span><\/p>\n<p><span style=\"font-size: medium;\">Turku University of Applied Sciences<\/span><\/p>\n<p><span style=\"font-size: medium;\">Phone: +358449072053<\/span><\/p>\n<p><span style=\"font-size: medium;\">Email: taisto.suominen@turkuamk.fi<\/span><\/p>\n","protected":false},"excerpt":{"rendered":"<p>Studies University of Turku and Turku University of Applied Sciences offer\u00a0studies\u00a0in game development. The students are working and collaborating with the lab staff on a variety of projects, which are carefully selected according to the student\u2019s individual interests and expertise. Courses and events Our curriculum includes annual seminars and courses on game development. We also&hellip; <a class=\"read-more\" href=\"https:\/\/www.turkugamelab.fi\/?page_id=81\">Read More<\/a><\/p>\n","protected":false},"author":1,"featured_media":0,"parent":13,"menu_order":0,"comment_status":"closed","ping_status":"closed","template":"page-tgl-template.php","meta":[],"acf":[],"_links":{"self":[{"href":"https:\/\/www.turkugamelab.fi\/index.php?rest_route=\/wp\/v2\/pages\/81"}],"collection":[{"href":"https:\/\/www.turkugamelab.fi\/index.php?rest_route=\/wp\/v2\/pages"}],"about":[{"href":"https:\/\/www.turkugamelab.fi\/index.php?rest_route=\/wp\/v2\/types\/page"}],"author":[{"embeddable":true,"href":"https:\/\/www.turkugamelab.fi\/index.php?rest_route=\/wp\/v2\/users\/1"}],"replies":[{"embeddable":true,"href":"https:\/\/www.turkugamelab.fi\/index.php?rest_route=%2Fwp%2Fv2%2Fcomments&post=81"}],"version-history":[{"count":20,"href":"https:\/\/www.turkugamelab.fi\/index.php?rest_route=\/wp\/v2\/pages\/81\/revisions"}],"predecessor-version":[{"id":436,"href":"https:\/\/www.turkugamelab.fi\/index.php?rest_route=\/wp\/v2\/pages\/81\/revisions\/436"}],"up":[{"embeddable":true,"href":"https:\/\/www.turkugamelab.fi\/index.php?rest_route=\/wp\/v2\/pages\/13"}],"wp:attachment":[{"href":"https:\/\/www.turkugamelab.fi\/index.php?rest_route=%2Fwp%2Fv2%2Fmedia&parent=81"}],"curies":[{"name":"wp","href":"https:\/\/api.w.org\/{rel}","templated":true}]}}