{"id":416,"date":"2017-02-14T14:22:49","date_gmt":"2017-02-14T12:22:49","guid":{"rendered":"http:\/\/www.turkugamelab.fi\/?page_id=416"},"modified":"2017-02-14T14:39:13","modified_gmt":"2017-02-14T12:39:13","slug":"acvivage","status":"publish","type":"page","link":"https:\/\/www.turkugamelab.fi\/?page_id=416","title":{"rendered":"Activage"},"content":{"rendered":"<p>&nbsp;<\/p>\n<p><strong>Tulevaisuuden hoitoa ik\u00e4\u00e4ntyneille<\/strong><\/p>\n<p><strong><a href=\"http:\/\/www.turkugamelab.fi\/wp-content\/uploads\/2017\/02\/mattila_pelaa.jpg\" rel=\"attachment wp-att-420\"><img loading=\"lazy\" class=\"wp-image-420 alignright\" src=\"http:\/\/www.turkugamelab.fi\/wp-content\/uploads\/2017\/02\/mattila_pelaa-1024x912.jpg\" alt=\"mattila_pelaa\" width=\"445\" height=\"397\" srcset=\"https:\/\/www.turkugamelab.fi\/wp-content\/uploads\/2017\/02\/mattila_pelaa-1024x912.jpg 1024w, https:\/\/www.turkugamelab.fi\/wp-content\/uploads\/2017\/02\/mattila_pelaa-300x267.jpg 300w, https:\/\/www.turkugamelab.fi\/wp-content\/uploads\/2017\/02\/mattila_pelaa-768x684.jpg 768w\" sizes=\"(max-width: 445px) 100vw, 445px\" \/><\/a><\/strong>Tammikuussa alkanut, ik\u00e4\u00e4ntyneiden hyvinvointia edist\u00e4v\u00e4 ACTIVAGE-hanke on er\u00e4s Euroopan k\u00e4rkihankkeista. Siin\u00e4 m\u00e4\u00e4ritell\u00e4\u00e4n Internet of Things (IoT) teknologian hy\u00f6dynt\u00e4mist\u00e4 ik\u00e4\u00e4ntyneiden hoidossa. Hankkeessa t\u00e4hd\u00e4t\u00e4\u00e4n mittaviin hy\u00f6tyihin ik\u00e4\u00e4ntyneiden hyvinvoinnissa, ja tavoitteena on mahdollistaa kotona asuminen entist\u00e4 pidemp\u00e4\u00e4n.<br \/>\n\u2013 Esittelemme nyt Suomen-pilotissa teht\u00e4vi\u00e4 testauksia, joita suoritetaan EU-hankkeen m\u00e4\u00e4rittelemien kriteerien mukaisesti. On mielenkiintoista kertoa, miten olemme p\u00e4\u00e4sseet mukaan m\u00e4\u00e4rittelem\u00e4\u00e4n niit\u00e4 k\u00e4yt\u00e4nt\u00f6j\u00e4 ja yhteisi\u00e4 toimintatapoja, joista tulevaisuudessa on todenn\u00e4k\u00f6isesti muodostumassa EU-standardeja ja jotka vaikuttavat n\u00e4in terveydenhuoltoalaan ja -bisnekseen ymp\u00e4ri maailman, kertoo tutkimusjohtaja Mika Luimula Turun AMK:sta.<br \/>\nLis\u00e4tietoja<br \/>\nActivage: <a href=\"http:\/\/www.tuas.fi\/en\/news\/198\/large-scale-pilot-funding-european-commission-within-h2020-framework-starts-january-2017\/\" target=\"_blank\">http:\/\/www.tuas.fi\/en\/news\/198\/large-scale-pilot-funding-european-commission-within-h2020-framework-starts-january-2017\/<\/a><\/p>\n<p>&nbsp;<\/p>\n<p><strong>Future care for the elderly<\/strong><\/p>\n<p>The ACTIVAGE project, which promotes the well-being of the elderly, is one of the European spear-head projects. It was\u00a0launched in January, and it defines utilizing the Internet of Things (IoT) technology in the care of the elderly. The project aims at significant benefits in the well-being of the elderly, and the goal is to enable living at home longer.<br \/>\n\u2013 We will now present the tests conducted in the Finnish pilot, carried out according to the criteria defined by the EU project. It is interesting to get to tell how we have been included in defining these practices and the joint ways of action. They will likely in the future become EU standards and will thus affect the health care field and business all over the world, says Research Group Leader Mika Luimula from TUAS.<br \/>\nFurther information<br \/>\nActivage: <a href=\"http:\/\/www.tuas.fi\/en\/news\/198\/large-scale-pilot-funding-european-commission-within-h2020-framework-starts-january-2017\/\" target=\"_blank\">http:\/\/www.tuas.fi\/en\/news\/198\/large-scale-pilot-funding-european-commission-within-h2020-framework-starts-january-2017\/<\/a><\/p>\n","protected":false},"excerpt":{"rendered":"<p>&nbsp; Tulevaisuuden hoitoa ik\u00e4\u00e4ntyneille Tammikuussa alkanut, ik\u00e4\u00e4ntyneiden hyvinvointia edist\u00e4v\u00e4 ACTIVAGE-hanke on er\u00e4s Euroopan k\u00e4rkihankkeista. Siin\u00e4 m\u00e4\u00e4ritell\u00e4\u00e4n Internet of Things (IoT) teknologian hy\u00f6dynt\u00e4mist\u00e4 ik\u00e4\u00e4ntyneiden hoidossa. Hankkeessa t\u00e4hd\u00e4t\u00e4\u00e4n mittaviin hy\u00f6tyihin ik\u00e4\u00e4ntyneiden hyvinvoinnissa, ja tavoitteena on mahdollistaa kotona asuminen entist\u00e4 pidemp\u00e4\u00e4n. \u2013 Esittelemme nyt Suomen-pilotissa teht\u00e4vi\u00e4 testauksia, joita suoritetaan EU-hankkeen m\u00e4\u00e4rittelemien kriteerien mukaisesti. On mielenkiintoista kertoa, miten olemme&hellip; <a class=\"read-more\" href=\"https:\/\/www.turkugamelab.fi\/?page_id=416\">Read More<\/a><\/p>\n","protected":false},"author":1,"featured_media":0,"parent":0,"menu_order":0,"comment_status":"closed","ping_status":"closed","template":"page-tgl-home-template.php","meta":[],"acf":[],"_links":{"self":[{"href":"https:\/\/www.turkugamelab.fi\/index.php?rest_route=\/wp\/v2\/pages\/416"}],"collection":[{"href":"https:\/\/www.turkugamelab.fi\/index.php?rest_route=\/wp\/v2\/pages"}],"about":[{"href":"https:\/\/www.turkugamelab.fi\/index.php?rest_route=\/wp\/v2\/types\/page"}],"author":[{"embeddable":true,"href":"https:\/\/www.turkugamelab.fi\/index.php?rest_route=\/wp\/v2\/users\/1"}],"replies":[{"embeddable":true,"href":"https:\/\/www.turkugamelab.fi\/index.php?rest_route=%2Fwp%2Fv2%2Fcomments&post=416"}],"version-history":[{"count":10,"href":"https:\/\/www.turkugamelab.fi\/index.php?rest_route=\/wp\/v2\/pages\/416\/revisions"}],"predecessor-version":[{"id":430,"href":"https:\/\/www.turkugamelab.fi\/index.php?rest_route=\/wp\/v2\/pages\/416\/revisions\/430"}],"wp:attachment":[{"href":"https:\/\/www.turkugamelab.fi\/index.php?rest_route=%2Fwp%2Fv2%2Fmedia&parent=416"}],"curies":[{"name":"wp","href":"https:\/\/api.w.org\/{rel}","templated":true}]}}